{"id":48,"date":"2024-07-20T18:07:44","date_gmt":"2024-07-20T18:07:44","guid":{"rendered":"https:\/\/juanbutten.com\/?page_id=48"},"modified":"2025-07-07T00:56:55","modified_gmt":"2025-07-07T00:56:55","slug":"about","status":"publish","type":"page","link":"https:\/\/juanbutten.com\/es\/about\/","title":{"rendered":"Sobre mi"},"content":{"rendered":"<div data-elementor-type=\"wp-page\" data-elementor-id=\"48\" class=\"elementor elementor-48\" data-elementor-post-type=\"page\">\n\t\t\t\t<div class=\"elementor-element elementor-element-a471b1f e-flex e-con-boxed e-con e-parent\" data-id=\"a471b1f\" data-element_type=\"container\">\n\t\t\t\t\t<div class=\"e-con-inner\">\n\t\t<div class=\"elementor-element elementor-element-c9e040b e-con-full e-flex e-con e-child\" data-id=\"c9e040b\" data-element_type=\"container\">\n\t\t\t\t<div class=\"elementor-element elementor-element-bdd4155 elementor-widget elementor-widget-heading\" data-id=\"bdd4155\" data-element_type=\"widget\" data-widget_type=\"heading.default\">\n\t\t\t\t<div class=\"elementor-widget-container\">\n\t\t\t<style>\/*! elementor - v3.23.0 - 15-07-2024 *\/\n.elementor-heading-title{padding:0;margin:0;line-height:1}.elementor-widget-heading .elementor-heading-title[class*=elementor-size-]>a{color:inherit;font-size:inherit;line-height:inherit}.elementor-widget-heading .elementor-heading-title.elementor-size-small{font-size:15px}.elementor-widget-heading .elementor-heading-title.elementor-size-medium{font-size:19px}.elementor-widget-heading .elementor-heading-title.elementor-size-large{font-size:29px}.elementor-widget-heading .elementor-heading-title.elementor-size-xl{font-size:39px}.elementor-widget-heading .elementor-heading-title.elementor-size-xxl{font-size:59px}<\/style><h2 class=\"elementor-heading-title elementor-size-default\">SOBRE MI<\/h2>\t\t<\/div>\n\t\t\t\t<\/div>\n\t\t\t\t<\/div>\n\t\t<div class=\"elementor-element elementor-element-7a0d88b e-con-full e-flex e-con e-child\" data-id=\"7a0d88b\" data-element_type=\"container\">\n\t\t\t\t<div class=\"elementor-element elementor-element-819f0d3 elementor-widget elementor-widget-heading\" data-id=\"819f0d3\" data-element_type=\"widget\" data-widget_type=\"heading.default\">\n\t\t\t\t<div class=\"elementor-widget-container\">\n\t\t\t<h2 class=\"elementor-heading-title elementor-size-default\">QUI\u00c9N ES JUAN BUTTEN?<\/h2>\t\t<\/div>\n\t\t\t\t<\/div>\n\t\t\t\t<div class=\"elementor-element elementor-element-a332b93 elementor-widget elementor-widget-text-editor\" data-id=\"a332b93\" data-element_type=\"widget\" data-widget_type=\"text-editor.default\">\n\t\t\t\t<div class=\"elementor-widget-container\">\n\t\t\t<style>\/*! elementor - v3.23.0 - 15-07-2024 *\/\n.elementor-widget-text-editor.elementor-drop-cap-view-stacked .elementor-drop-cap{background-color:#69727d;color:#fff}.elementor-widget-text-editor.elementor-drop-cap-view-framed .elementor-drop-cap{color:#69727d;border:3px solid;background-color:transparent}.elementor-widget-text-editor:not(.elementor-drop-cap-view-default) .elementor-drop-cap{margin-top:8px}.elementor-widget-text-editor:not(.elementor-drop-cap-view-default) .elementor-drop-cap-letter{width:1em;height:1em}.elementor-widget-text-editor .elementor-drop-cap{float:left;text-align:center;line-height:1;font-size:50px}.elementor-widget-text-editor .elementor-drop-cap-letter{display:inline-block}<\/style>\t\t\t\t<p>Juan Butten es un artista visual y escritor radicado en Nueva York, que combina sus diversas habilidades en las artes visuales, incluyendo el dibujo, la escultura, el grabado y la pintura. En su pa\u00eds natal, la Rep\u00fablica Dominicana, obtuvo reconocimiento por sus instalaciones escult\u00f3ricas hechas con desechos s\u00f3lidos y por sus pinturas abstractas. Su arte se sit\u00faa en la frontera entre la instalaci\u00f3n escult\u00f3rica y la pintura abstracta contempor\u00e1nea. Con obras recientes como \u201cLa Balsa\u201d, Juan Butten ha trascendido fronteras exhibiendo en diversos pa\u00edses.\u00a0<\/p>\t\t\t\t\t\t<\/div>\n\t\t\t\t<\/div>\n\t\t\t\t<div class=\"elementor-element elementor-element-dd9d4c5 elementor-widget elementor-widget-text-editor\" data-id=\"dd9d4c5\" data-element_type=\"widget\" data-widget_type=\"text-editor.default\">\n\t\t\t\t<div class=\"elementor-widget-container\">\n\t\t\t\t\t\t\tNacido en 1975 en Santo Domingo, Rep\u00fablica Dominicana, Butten estudi\u00f3 en la Escuela de Bellas Artes de Santo Domingo y tom\u00f3 clases con el fallecido maestro Juli\u00e1n Amado. Desde 1999, ha trabajado como dibujante en diversas agencias de publicidad y estudios gr\u00e1ficos, entre ellos Alphagraphics. En 2007, realiz\u00f3 su primera exposici\u00f3n individual, \u201cTransgresi\u00f3n Morfol\u00f3gica\u201d, en el Instituto Dominico-Americano en Santo Domingo, y un a\u00f1o despu\u00e9s, en 2008, present\u00f3 \u201cCATARSIS\u201d en la sede de la UNESCO en Santo Domingo.\t\t\t\t\t\t<\/div>\n\t\t\t\t<\/div>\n\t\t\t\t<div class=\"elementor-element elementor-element-28b650e elementor-widget elementor-widget-heading\" data-id=\"28b650e\" data-element_type=\"widget\" data-widget_type=\"heading.default\">\n\t\t\t\t<div class=\"elementor-widget-container\">\n\t\t\t<h2 class=\"elementor-heading-title elementor-size-default\">Declaraci\u00f3n del artista: La Balsa y la migraci\u00f3n como territorio flotante<\/h2>\t\t<\/div>\n\t\t\t\t<\/div>\n\t\t\t\t<div class=\"elementor-element elementor-element-64e524f elementor-widget elementor-widget-text-editor\" data-id=\"64e524f\" data-element_type=\"widget\" data-widget_type=\"text-editor.default\">\n\t\t\t\t<div class=\"elementor-widget-container\">\n\t\t\t\t\t\t\t<p>La Balsa es una escultura realizada por el artista multidisciplinario Juan Butten, la realiz\u00f3  a partir de materiales encontrados en las costas de la Rep\u00fablica Dominicana: restos de pl\u00e1stico, madera, metales oxidados y objetos olvidados por el mar. Esta isla suspendida, fr\u00e1gil y resistente a la vez, encarna las tensiones de un pa\u00eds que se mueve. Representa un fragmento de barrio popular dominicano, compuesto por casas improvisadas, postes el\u00e9ctricos precarios y colmados familiares: una geograf\u00eda reconocible y cotidiana.<br \/><br \/>Sin embargo, esta isla no est\u00e1 anclada. Flota.<\/p>\t\t\t\t\t\t<\/div>\n\t\t\t\t<\/div>\n\t\t\t\t<div class=\"elementor-element elementor-element-d129305 elementor-widget elementor-widget-heading\" data-id=\"d129305\" data-element_type=\"widget\" data-widget_type=\"heading.default\">\n\t\t\t\t<div class=\"elementor-widget-container\">\n\t\t\t<h2 class=\"elementor-heading-title elementor-size-default\">MIGRACIONES<\/h2>\t\t<\/div>\n\t\t\t\t<\/div>\n\t\t\t\t<div class=\"elementor-element elementor-element-1581e74 elementor-widget elementor-widget-text-editor\" data-id=\"1581e74\" data-element_type=\"widget\" data-widget_type=\"text-editor.default\">\n\t\t\t\t<div class=\"elementor-widget-container\">\n\t\t\t\t\t\t\t<p>Inspirada en las migraciones internas de la Rep\u00fablica Dominicana \u2014del campo a la ciudad, del interior a Santo Domingo\u2014, La Balsa simboliza tambi\u00e9n los trayectos transoce\u00e1nicos, los desplazamientos de quienes buscan, en la urbe o en el extranjero, una vida m\u00e1s digna. Como en una traves\u00eda perpetua, estas arquitecturas flotantes condensan los anhelos, la memoria y la precariedad de quienes migran con todo a cuestas: sus casas, sus voces, su fe, sus heridas.<br \/><br \/>Al estar construida con fragmentos de desecho marino, la obra reinterpreta el acto migratorio como una forma de reciclaje vital: cuerpos y sue\u00f1os que se rehacen con lo que queda, que levantan futuro sobre ruinas. La Balsa ha cruzado mares, como lo hacen los migrantes, y su exhibici\u00f3n en el Point Art Museum de Salem, Massachusetts, as\u00ed como en Brooklyn, Nueva York, la transforma en embajadora de esas traves\u00edas invisibles.<br \/><br \/>Esta obra plantea preguntas urgentes: \u00bfqu\u00e9 dejamos atr\u00e1s cuando migramos?, \u00bfqu\u00e9 llevamos con nosotros?, \u00bfes posible echar ra\u00edces sobre algo que flota? En un mundo donde el desplazamiento es la norma m\u00e1s que la excepci\u00f3n, La Balsa nos recuerda que toda casa migrante es un acto de resistencia flotante.<\/p>\t\t\t\t\t\t<\/div>\n\t\t\t\t<\/div>\n\t\t\t\t<div class=\"elementor-element elementor-element-913f479 elementor-widget elementor-widget-heading\" data-id=\"913f479\" data-element_type=\"widget\" data-widget_type=\"heading.default\">\n\t\t\t\t<div class=\"elementor-widget-container\">\n\t\t\t<h2 class=\"elementor-heading-title elementor-size-default\">Pinturas<\/h2>\t\t<\/div>\n\t\t\t\t<\/div>\n\t\t\t\t<div class=\"elementor-element elementor-element-98a1cbd elementor-widget elementor-widget-text-editor\" data-id=\"98a1cbd\" data-element_type=\"widget\" data-widget_type=\"text-editor.default\">\n\t\t\t\t<div class=\"elementor-widget-container\">\n\t\t\t\t\t\t\tJuan Butten tambi\u00e9n ha recibido grandes elogios por sus pinturas acr\u00edlicas por parte de diversos cr\u00edticos de arte en su pa\u00eds.\t\t\t\t\t\t<\/div>\n\t\t\t\t<\/div>\n\t\t\t\t<div class=\"elementor-element elementor-element-36728b1 elementor-widget elementor-widget-text-editor\" data-id=\"36728b1\" data-element_type=\"widget\" data-widget_type=\"text-editor.default\">\n\t\t\t\t<div class=\"elementor-widget-container\">\n\t\t\t\t\t\t\t<p>Desde 2024, Juan Butten vive y trabaja en Nueva York, donde contin\u00faa creando tanto sus pinturas como sus piezas elaboradas con desechos s\u00f3lidos.<\/p>\t\t\t\t\t\t<\/div>\n\t\t\t\t<\/div>\n\t\t\t\t<div class=\"elementor-element elementor-element-77e834f elementor-widget elementor-widget-text-editor\" data-id=\"77e834f\" data-element_type=\"widget\" data-widget_type=\"text-editor.default\">\n\t\t\t\t<div class=\"elementor-widget-container\">\n\t\t\t\t\t\t\t<a href=\"mailto:info@juanbutten.com\">info@juanbutten.com<\/a>\t\t\t\t\t\t<\/div>\n\t\t\t\t<\/div>\n\t\t<div class=\"elementor-element elementor-element-d32c22c e-con-full e-flex e-con e-child\" data-id=\"d32c22c\" data-element_type=\"container\">\n\t\t<div class=\"elementor-element elementor-element-166dbb5 e-con-full e-flex e-con e-child\" data-id=\"166dbb5\" data-element_type=\"container\" data-settings=\"{&quot;background_background&quot;:&quot;classic&quot;}\">\n\t\t\t\t<div class=\"elementor-element elementor-element-bd7b939 elementor-widget elementor-widget-heading\" data-id=\"bd7b939\" data-element_type=\"widget\" data-widget_type=\"heading.default\">\n\t\t\t\t<div class=\"elementor-widget-container\">\n\t\t\t<h2 class=\"elementor-heading-title elementor-size-default\">RESUME DOWNLOAD<\/h2>\t\t<\/div>\n\t\t\t\t<\/div>\n\t\t\t\t<div class=\"elementor-element elementor-element-61ddac9 elementor-widget elementor-widget-text-editor\" data-id=\"61ddac9\" data-element_type=\"widget\" data-widget_type=\"text-editor.default\">\n\t\t\t\t<div class=\"elementor-widget-container\">\n\t\t\t\t\t\t\tClick the button below to download a PDF copy of my resume, highlighting my experience as a contemporary artist.\t\t\t\t\t\t<\/div>\n\t\t\t\t<\/div>\n\t\t\t\t<div class=\"elementor-element elementor-element-418e554 elementor-align-center elementor-widget elementor-widget-button\" data-id=\"418e554\" data-element_type=\"widget\" data-widget_type=\"button.default\">\n\t\t\t\t<div class=\"elementor-widget-container\">\n\t\t\t\t\t<div class=\"elementor-button-wrapper\">\n\t\t\t<a class=\"elementor-button elementor-button-link elementor-size-sm\" href=\"https:\/\/juanbutten.com\/wp-content\/uploads\/2025\/07\/resumeJuanbutten-2025.pptx.pdf\">\n\t\t\t\t\t\t<span class=\"elementor-button-content-wrapper\">\n\t\t\t\t\t\t\t\t\t<span class=\"elementor-button-text\">Download Resume<\/span>\n\t\t\t\t\t<\/span>\n\t\t\t\t\t<\/a>\n\t\t<\/div>\n\t\t\t\t<\/div>\n\t\t\t\t<\/div>\n\t\t\t\t<\/div>\n\t\t\t\t<\/div>\n\t\t\t\t<\/div>\n\t\t\t\t\t<\/div>\n\t\t\t\t<\/div>\n\t\t\t\t<\/div>","protected":false},"excerpt":{"rendered":"<p>ABOUT Who is Juan Butten? Juan Butten is a visual artist and writer based in New York, blending his diverse [&hellip;]<\/p>","protected":false},"author":2,"featured_media":0,"parent":0,"menu_order":0,"comment_status":"closed","ping_status":"closed","template":"elementor_header_footer","meta":{"_acf_changed":false,"site-sidebar-layout":"default","site-content-layout":"","ast-site-content-layout":"","site-content-style":"default","site-sidebar-style":"default","ast-global-header-display":"","ast-banner-title-visibility":"","ast-main-header-display":"","ast-hfb-above-header-display":"","ast-hfb-below-header-display":"","ast-hfb-mobile-header-display":"","site-post-title":"","ast-breadcrumbs-content":"","ast-featured-img":"","footer-sml-layout":"","theme-transparent-header-meta":"","adv-header-id-meta":"","stick-header-meta":"","header-above-stick-meta":"","header-main-stick-meta":"","header-below-stick-meta":"","astra-migrate-meta-layouts":"default","ast-page-background-enabled":"default","ast-page-background-meta":{"desktop":{"background-color":"var(--ast-global-color-4)","background-image":"","background-repeat":"repeat","background-position":"center center","background-size":"auto","background-attachment":"scroll","background-type":"","background-media":"","overlay-type":"","overlay-color":"","overlay-opacity":"","overlay-gradient":""},"tablet":{"background-color":"","background-image":"","background-repeat":"repeat","background-position":"center center","background-size":"auto","background-attachment":"scroll","background-type":"","background-media":"","overlay-type":"","overlay-color":"","overlay-opacity":"","overlay-gradient":""},"mobile":{"background-color":"","background-image":"","background-repeat":"repeat","background-position":"center center","background-size":"auto","background-attachment":"scroll","background-type":"","background-media":"","overlay-type":"","overlay-color":"","overlay-opacity":"","overlay-gradient":""}},"ast-content-background-meta":{"desktop":{"background-color":"var(--ast-global-color-5)","background-image":"","background-repeat":"repeat","background-position":"center center","background-size":"auto","background-attachment":"scroll","background-type":"","background-media":"","overlay-type":"","overlay-color":"","overlay-opacity":"","overlay-gradient":""},"tablet":{"background-color":"var(--ast-global-color-5)","background-image":"","background-repeat":"repeat","background-position":"center center","background-size":"auto","background-attachment":"scroll","background-type":"","background-media":"","overlay-type":"","overlay-color":"","overlay-opacity":"","overlay-gradient":""},"mobile":{"background-color":"var(--ast-global-color-5)","background-image":"","background-repeat":"repeat","background-position":"center center","background-size":"auto","background-attachment":"scroll","background-type":"","background-media":"","overlay-type":"","overlay-color":"","overlay-opacity":"","overlay-gradient":""}},"footnotes":""},"class_list":["post-48","page","type-page","status-publish","hentry"],"acf":[],"yoast_head":"<!-- This site is optimized with the Yoast SEO plugin v23.4 - https:\/\/yoast.com\/wordpress\/plugins\/seo\/ -->\n<title>About - A Pioneer of Contemporary and Miniature Art in a Caribbean context<\/title>\n<meta name=\"description\" content=\"ABOUT Who is Juan Butten? Juan Butten is a visual artist and writer based in New York, blending his diverse skills in visual arts, including drawing,\" \/>\n<meta name=\"robots\" content=\"index, follow, max-snippet:-1, max-image-preview:large, max-video-preview:-1\" \/>\n<link rel=\"canonical\" href=\"https:\/\/juanbutten.com\/es\/about\/\" \/>\n<meta property=\"og:locale\" content=\"es_ES\" \/>\n<meta property=\"og:type\" content=\"article\" \/>\n<meta property=\"og:title\" content=\"About - A Pioneer of Contemporary and Miniature Art in a Caribbean context\" \/>\n<meta property=\"og:description\" content=\"Who is Juan Butten?Juan Butten is a multidisciplinary artist based in New York, blending his diverse skills in visual arts, including drawing, sculpture, printmaking, and painting.\" \/>\n<meta property=\"og:url\" content=\"https:\/\/juanbutten.com\/es\/about\/\" \/>\n<meta property=\"og:site_name\" content=\"Juan Butten\" \/>\n<meta property=\"article:modified_time\" content=\"2025-07-07T00:56:55+00:00\" \/>\n<meta property=\"og:image\" content=\"https:\/\/juanbutten.com\/wp-content\/uploads\/2024\/07\/videoPoster_juanbutten.webp\" \/>\n\t<meta property=\"og:image:width\" content=\"1920\" \/>\n\t<meta property=\"og:image:height\" content=\"1080\" \/>\n\t<meta property=\"og:image:type\" content=\"image\/webp\" \/>\n<meta name=\"twitter:card\" content=\"summary_large_image\" \/>\n<meta name=\"twitter:site\" content=\"@buttenjuan\" \/>\n<meta name=\"twitter:label1\" content=\"Est. reading time\" \/>\n\t<meta name=\"twitter:data1\" content=\"3 minutos\" \/>\n<script type=\"application\/ld+json\" class=\"yoast-schema-graph\">{\"@context\":\"https:\/\/schema.org\",\"@graph\":[{\"@type\":\"WebPage\",\"@id\":\"https:\/\/juanbutten.com\/about\/\",\"url\":\"https:\/\/juanbutten.com\/about\/\",\"name\":\"About - A Pioneer of Contemporary and Miniature Art in a Caribbean context\",\"isPartOf\":{\"@id\":\"https:\/\/juanbutten.com\/#website\"},\"datePublished\":\"2024-07-20T18:07:44+00:00\",\"dateModified\":\"2025-07-07T00:56:55+00:00\",\"description\":\"ABOUT Who is Juan Butten? Juan Butten is a visual artist and writer based in New York, blending his diverse skills in visual arts, including drawing,\",\"breadcrumb\":{\"@id\":\"https:\/\/juanbutten.com\/about\/#breadcrumb\"},\"inLanguage\":\"es-DO\",\"potentialAction\":[{\"@type\":\"ReadAction\",\"target\":[\"https:\/\/juanbutten.com\/about\/\"]}]},{\"@type\":\"BreadcrumbList\",\"@id\":\"https:\/\/juanbutten.com\/about\/#breadcrumb\",\"itemListElement\":[{\"@type\":\"ListItem\",\"position\":1,\"name\":\"Home\",\"item\":\"https:\/\/juanbutten.com\/\"},{\"@type\":\"ListItem\",\"position\":2,\"name\":\"About\"}]},{\"@type\":\"WebSite\",\"@id\":\"https:\/\/juanbutten.com\/#website\",\"url\":\"https:\/\/juanbutten.com\/\",\"name\":\"Juan Butten\",\"description\":\"A Pioneer of Contemporary and Miniature Art in a Caribbean context\",\"publisher\":{\"@id\":\"https:\/\/juanbutten.com\/#\/schema\/person\/4e681bdf289b2dca440ac688e6743a15\"},\"alternateName\":\"Butten\",\"potentialAction\":[{\"@type\":\"SearchAction\",\"target\":{\"@type\":\"EntryPoint\",\"urlTemplate\":\"https:\/\/juanbutten.com\/?s={search_term_string}\"},\"query-input\":{\"@type\":\"PropertyValueSpecification\",\"valueRequired\":true,\"valueName\":\"search_term_string\"}}],\"inLanguage\":\"es-DO\"},{\"@type\":[\"Person\",\"Organization\"],\"@id\":\"https:\/\/juanbutten.com\/#\/schema\/person\/4e681bdf289b2dca440ac688e6743a15\",\"name\":\"juan butten\",\"image\":{\"@type\":\"ImageObject\",\"inLanguage\":\"es-DO\",\"@id\":\"https:\/\/juanbutten.com\/#\/schema\/person\/image\/\",\"url\":\"https:\/\/juanbutten.com\/wp-content\/uploads\/2024\/09\/fabicon.jpg\",\"contentUrl\":\"https:\/\/juanbutten.com\/wp-content\/uploads\/2024\/09\/fabicon.jpg\",\"width\":300,\"height\":300,\"caption\":\"juan butten\"},\"logo\":{\"@id\":\"https:\/\/juanbutten.com\/#\/schema\/person\/image\/\"},\"sameAs\":[\"http:\/\/juanbutten.com\",\"https:\/\/www.instagram.com\/juanbutten\/\",\"https:\/\/x.com\/https:\/\/x.com\/buttenjuan\",\"https:\/\/www.youtube.com\/channel\/UCkKY9oai_Okbr9a9X4wwQ9Q\"]}]}<\/script>\n<!-- \/ Yoast SEO plugin. -->","yoast_head_json":{"title":"About - A Pioneer of Contemporary and Miniature Art in a Caribbean context","description":"ABOUT Who is Juan Butten? Juan Butten is a visual artist and writer based in New York, blending his diverse skills in visual arts, including drawing,","robots":{"index":"index","follow":"follow","max-snippet":"max-snippet:-1","max-image-preview":"max-image-preview:large","max-video-preview":"max-video-preview:-1"},"canonical":"https:\/\/juanbutten.com\/es\/about\/","og_locale":"es_ES","og_type":"article","og_title":"About - A Pioneer of Contemporary and Miniature Art in a Caribbean context","og_description":"Who is Juan Butten?Juan Butten is a multidisciplinary artist based in New York, blending his diverse skills in visual arts, including drawing, sculpture, printmaking, and painting.","og_url":"https:\/\/juanbutten.com\/es\/about\/","og_site_name":"Juan Butten","article_modified_time":"2025-07-07T00:56:55+00:00","og_image":[{"width":1920,"height":1080,"url":"https:\/\/juanbutten.com\/wp-content\/uploads\/2024\/07\/videoPoster_juanbutten.webp","type":"image\/webp"}],"twitter_card":"summary_large_image","twitter_site":"@buttenjuan","twitter_misc":{"Est. reading time":"3 minutos"},"schema":{"@context":"https:\/\/schema.org","@graph":[{"@type":"WebPage","@id":"https:\/\/juanbutten.com\/about\/","url":"https:\/\/juanbutten.com\/about\/","name":"About - A Pioneer of Contemporary and Miniature Art in a Caribbean context","isPartOf":{"@id":"https:\/\/juanbutten.com\/#website"},"datePublished":"2024-07-20T18:07:44+00:00","dateModified":"2025-07-07T00:56:55+00:00","description":"ABOUT Who is Juan Butten? Juan Butten is a visual artist and writer based in New York, blending his diverse skills in visual arts, including drawing,","breadcrumb":{"@id":"https:\/\/juanbutten.com\/about\/#breadcrumb"},"inLanguage":"es-DO","potentialAction":[{"@type":"ReadAction","target":["https:\/\/juanbutten.com\/about\/"]}]},{"@type":"BreadcrumbList","@id":"https:\/\/juanbutten.com\/about\/#breadcrumb","itemListElement":[{"@type":"ListItem","position":1,"name":"Home","item":"https:\/\/juanbutten.com\/"},{"@type":"ListItem","position":2,"name":"About"}]},{"@type":"WebSite","@id":"https:\/\/juanbutten.com\/#website","url":"https:\/\/juanbutten.com\/","name":"Juan Butten","description":"A Pioneer of Contemporary and Miniature Art in a Caribbean context","publisher":{"@id":"https:\/\/juanbutten.com\/#\/schema\/person\/4e681bdf289b2dca440ac688e6743a15"},"alternateName":"Butten","potentialAction":[{"@type":"SearchAction","target":{"@type":"EntryPoint","urlTemplate":"https:\/\/juanbutten.com\/?s={search_term_string}"},"query-input":{"@type":"PropertyValueSpecification","valueRequired":true,"valueName":"search_term_string"}}],"inLanguage":"es-DO"},{"@type":["Person","Organization"],"@id":"https:\/\/juanbutten.com\/#\/schema\/person\/4e681bdf289b2dca440ac688e6743a15","name":"juan butten","image":{"@type":"ImageObject","inLanguage":"es-DO","@id":"https:\/\/juanbutten.com\/#\/schema\/person\/image\/","url":"https:\/\/juanbutten.com\/wp-content\/uploads\/2024\/09\/fabicon.jpg","contentUrl":"https:\/\/juanbutten.com\/wp-content\/uploads\/2024\/09\/fabicon.jpg","width":300,"height":300,"caption":"juan butten"},"logo":{"@id":"https:\/\/juanbutten.com\/#\/schema\/person\/image\/"},"sameAs":["http:\/\/juanbutten.com","https:\/\/www.instagram.com\/juanbutten\/","https:\/\/x.com\/https:\/\/x.com\/buttenjuan","https:\/\/www.youtube.com\/channel\/UCkKY9oai_Okbr9a9X4wwQ9Q"]}]}},"_links":{"self":[{"href":"https:\/\/juanbutten.com\/es\/wp-json\/wp\/v2\/pages\/48"}],"collection":[{"href":"https:\/\/juanbutten.com\/es\/wp-json\/wp\/v2\/pages"}],"about":[{"href":"https:\/\/juanbutten.com\/es\/wp-json\/wp\/v2\/types\/page"}],"author":[{"embeddable":true,"href":"https:\/\/juanbutten.com\/es\/wp-json\/wp\/v2\/users\/2"}],"replies":[{"embeddable":true,"href":"https:\/\/juanbutten.com\/es\/wp-json\/wp\/v2\/comments?post=48"}],"version-history":[{"count":37,"href":"https:\/\/juanbutten.com\/es\/wp-json\/wp\/v2\/pages\/48\/revisions"}],"predecessor-version":[{"id":2142,"href":"https:\/\/juanbutten.com\/es\/wp-json\/wp\/v2\/pages\/48\/revisions\/2142"}],"wp:attachment":[{"href":"https:\/\/juanbutten.com\/es\/wp-json\/wp\/v2\/media?parent=48"}],"curies":[{"name":"wp","href":"https:\/\/api.w.org\/{rel}","templated":true}]}}